{"id":629,"date":"2025-03-25T19:17:17","date_gmt":"2025-03-25T18:17:17","guid":{"rendered":"https:\/\/www.cnc-obrada.hr\/maschinenkapazitaeten\/"},"modified":"2025-05-19T17:37:20","modified_gmt":"2025-05-19T15:37:20","slug":"maschinenkapazitaeten","status":"publish","type":"page","link":"https:\/\/www.cnc-obrada.hr\/de\/maschinenkapazitaeten\/","title":{"rendered":"Maschinenkapazit\u00e4ten"},"content":{"rendered":"<section class=\"l-section wpb_row us_custom_c70c97eb height_small\"><div class=\"l-section-h i-cf\"><div class=\"g-cols vc_row via_grid cols_1 laptops-cols_inherit tablets-cols_inherit mobiles-cols_1 valign_top type_default stacking_default\"><div class=\"wpb_column vc_column_container\"><div class=\"vc_column-inner\"><h1 class=\"w-text us_custom_b81811e2 heading-underline-center has_text_color\"><span class=\"w-text-h\"><span class=\"w-text-value\">Maschinenkapazit\u00e4ten<\/span><\/span><\/h1><\/div><\/div><\/div><\/div><\/section><section class=\"l-section wpb_row us_custom_d2fce23a height_auto\"><div class=\"l-section-h i-cf\"><div class=\"g-cols vc_row via_grid cols_1 laptops-cols_inherit tablets-cols_inherit mobiles-cols_1 valign_top type_default stacking_default\"><div class=\"wpb_column vc_column_container\"><div class=\"vc_column-inner\"><div class=\"w-image us_custom_99a21d2b has_ratio align_none\"><div class=\"w-image-h\"><div style=\"padding-bottom:56.25%\"><\/div><img decoding=\"async\" width=\"2560\" height=\"1434\" src=\"https:\/\/www.cnc-obrada.hr\/wp-content\/uploads\/2025\/04\/process-smoothing-interior-cylinder-scaled.jpg\" class=\"attachment-full size-full\" alt=\"\" loading=\"lazy\" srcset=\"https:\/\/www.cnc-obrada.hr\/wp-content\/uploads\/2025\/04\/process-smoothing-interior-cylinder-scaled.jpg 2560w, https:\/\/www.cnc-obrada.hr\/wp-content\/uploads\/2025\/04\/process-smoothing-interior-cylinder-300x168.jpg 300w, https:\/\/www.cnc-obrada.hr\/wp-content\/uploads\/2025\/04\/process-smoothing-interior-cylinder-1024x574.jpg 1024w\" sizes=\"auto, (max-width: 2560px) 100vw, 2560px\" \/><\/div><\/div><\/div><\/div><\/div><\/div><\/section>\n<section class=\"l-section wpb_row us_custom_19737bc8 height_medium\"><div class=\"l-section-h i-cf\"><div class=\"g-cols vc_row via_grid cols_1 laptops-cols_inherit tablets-cols_inherit mobiles-cols_1 valign_top type_default stacking_default\"><div class=\"wpb_column vc_column_container\"><div class=\"vc_column-inner\"><div class=\"wpb_text_column\"><div class=\"wpb_wrapper\"><p>Derzeit verf\u00fcgen wir \u00fcber einen <strong>Karusselldrehmaschine<\/strong>, acht <strong>CNC-Drehmaschinen<\/strong>, vier <strong>CNC-Bearbeitungszentren<\/strong> und zwei <strong>CNC-Bands\u00e4gen<\/strong>.<\/p>\n<p>Mit der gesamten Messausr\u00fcstung, die wir besitzen, gew\u00e4hrleisten wir 100-prozentige Genauigkeit und \u00dcbereinstimmung mit den geforderten Ma\u00dfen.<\/p>\n<\/div><\/div><\/div><\/div><\/div><\/div><\/section><section class=\"l-section wpb_row height_medium\"><div class=\"l-section-h i-cf\"><div class=\"g-cols vc_row via_grid cols_1 laptops-cols_inherit tablets-cols_inherit mobiles-cols_1 valign_top type_default stacking_default\"><div class=\"wpb_column vc_column_container\"><div class=\"vc_column-inner\"><div class=\"w-html\"><table border=\"1\">\n    <tr>\n        <td><strong>Nr.<\/strong><\/td>\n<td><strong>Maschinentyp<\/strong><\/td>\n<td><strong>Marke und Typ<\/strong><\/td>\n<td><strong>Spezifikationen<\/strong><\/td>\n    <\/tr>\n    <tr>\n        <td><strong>1<\/strong><\/td>\n<td>CNC Drehmaschine<\/td>\n<td>Goodway GA 3300LM<\/td>\n<td><a href=\"https:\/\/www.goodwaycnc.com\/exhtml_goodway\/goodway_en\/turning\/horizontal\/gs_3000\/specifications_2.htm\" target=\"_blank\">Link<\/a><\/td>\n    <\/tr>\n    <tr>\n        <td><strong>2<\/strong><\/td>\n<td>CNC Drehmaschine<\/td>\n<td>Goodway GS-2600<\/td>\n<td><a href=\"https:\/\/www.goodwaycnc.com\/exhtml_goodway\/goodway_en\/turning\/horizontal\/gs_3000\/specifications.htm\" target=\"_blank\">Link<\/a><\/td>\n    <\/tr>\n    <tr>\n        <td><strong>3<\/strong><\/td>\n<td>CNC Drehmaschine<\/td>\n<td>Godway GS 260<\/td>\n<td><a href=\"https:\/\/www.goodwaycnc.com\/exhtml_goodway\/goodway_en\/turning\/horizontal\/gs-200\/specifications.htm\" target=\"_blank\">Link<\/a><\/td>\n    <\/tr>\n    <tr>\n        <td><strong>4<\/strong><\/td>\n<td>CNC Drehmaschine<\/td>\n<td>Colchester Tornado 300 \u2013 ERSATZ KOMMT IN K\u00dcRZE<\/td>\n<td><a href=\"https:\/\/uniquemachinetools.com\/colchester-tornado-300-cnc-turning-centre\/\" target=\"_blank\">Link<\/a><\/td>\n    <\/tr>\n    <tr>\n        <td><strong>5<\/strong><\/td>\n<td>CNC Drehmaschine<\/td>\n<td>Mazak Quick Turn 20 \u2013 ERSATZ KOMMT IN K\u00dcRZE<\/td>\n<td><a href=\"https:\/\/www.kdcapital.com\/1996-mazak-qt-20\/\" target=\"_blank\">Link<\/a><\/td>\n    <\/tr>\n    <tr>\n        <td><strong>6<\/strong><\/td>\n<td>CNC Drehmaschine<\/td>\n<td>HWACEON CUTEX-160<\/td>\n<td><a href=\"https:\/\/www.exapro.com\/sp\/hwacheon-cutex-160-13718\/\" target=\"_blank\">Link<\/a><\/td>\n    <\/tr>\n    <tr>\n        <td><strong>7<\/strong><\/td>\n<td>CNC Drehmaschine<\/td>\n<td>MICROCUT LT-52<\/td>\n<td><a href=\"https:\/\/www.microcut-europe.eu\/lt-52\/\" target=\"_blank\">Link<\/a><\/td>\n    <\/tr>\n    <tr>\n        <td><strong>8<\/strong><\/td>\n<td>CNC Drehmaschine<\/td>\n<td>DOOSAN LYNX 220A<\/td>\n<td><a href=\"https:\/\/www.machinetools.com\/en\/models\/doosan-lynx-220a\" target=\"_blank\">Link<\/a><\/td>\n    <\/tr>\n    <tr>\n        <td><strong>9<\/strong><\/td>\n<td>CNC Bearbeitungszentrum<\/td>\n<td>Challenger Microcut VM-1000<\/td>\n<td><a href=\"https:\/\/www.microcut-europe.eu\/vm-1000\/\" target=\"_blank\">Link<\/a><\/td>\n    <\/tr>\n    <tr>\n        <td><strong>10<\/strong><\/td>\n<td>CNC Bearbeitungszentrum<\/td>\n<td>WEIDA VMC-740<\/td>\n<td><a href=\"https:\/\/en.weidamc.com\/product_detail\/24.html\" target=\"_blank\">Link<\/a><\/td>\n    <\/tr>\n    <tr>\n        <td><strong>11<\/strong><\/td>\n<td>CNC Bearbeitungszentrum<\/td>\n<td>TONG-TAI TMW-760<\/td>\n<td><a href=\"https:\/\/www.aptint.com\/en\/used-second-hand-machinery\/vertical-machining-centers\/topper-tmv-760a-cnc-x-760-y-450-z-510mm_5970\" target=\"_blank\">Link<\/a><\/td>\n    <\/tr>\n    <tr>\n        <td><strong>12<\/strong><\/td>\n<td>CNC Bearbeitungszentrum<\/td>\n<td>OKUMA MB500<\/td>\n<td><a href=\"https:\/\/unimachines.in\/cnc-horizontal-machining-center-okuma-mb-500-h-2008-22500.html\" target=\"_blank\">Link<\/a><\/td>\n    <\/tr>\n    <tr>\n        <td><strong>13<\/strong><\/td>\n<td>CNC Karussell<\/td>\n<td>DOOSAN PUMA V8300<\/td>\n<td><a href=\"https:\/\/www.dn-solutions.com\/us\/product\/turning-center\/vertical-turning\/puma-v-8300.do\" target=\"_blank\">Link<\/a><\/td>\n    <\/tr>\n    <tr>\n        <td><strong>14<\/strong><\/td>\n<td>CNC Vertikaldrehmaschine<\/td>\n<td>EMCO VT260 \u2013 IN DER ANKUNFT<\/td>\n<td><a href=\"https:\/\/www.emco-world.com\/en\/products\/turning\/vertical-turn-vt\/emco-vertical-vt-260.html\" target=\"_blank\">Link<\/a><\/td>\n    <\/tr>\n    <tr>\n        <td><strong>15<\/strong><\/td>\n<td>CNC Drehmaschine<\/td>\n<td>EMCO S65-IN DER ANKUNFT<\/td>\n<td><a href=\"https:\/\/www.emco-world.com\/en\/products\/turning\/s45-s65\/cnc-lathe-s65.html\" target=\"_blank\">Link<\/a><\/td>\n    <\/tr>\n    <tr>\n        <td><strong>16<\/strong><\/td>\n<td>CNC Bearbeitungszentrum<\/td>\n<td>EMCO MILL 1200-IN DER ANKUNFT<\/td>\n<td><a href=\"https:\/\/www.emco-world.com\/en\/products\/milling\/emcomill-e-series\/emcomill-1200.html\" target=\"_blank\">Link<\/a><\/td>\n    <\/tr>\n    <tr>\n        <td><strong>17<\/strong><\/td>\n<td>CNC Bands\u00e4ge<\/td>\n<td>LESOM \u2013 CN320-ERSATZ KOMMT IN K\u00dcRZE<\/td>\n<td><a href=\"https:\/\/patmooneysaws.com\/product\/pegasus\/\" target=\"_blank\">Link<\/a><\/td>\n    <\/tr>\n    <tr>\n        <td><strong>18<\/strong><\/td>\n<td>CNC Bands\u00e4ge<\/td>\n<td>PEGAS GONDA 300x320 A-CNC-R<\/td>\n<td><a href=\"https:\/\/rc.pegas-gonda.cz\/en\/product\/21\/300x320-a-cnc-r-automatic-band-saw-machine-pegas-300x320-a-cnc-r-ii-generation\" target=\"_blank\">Link<\/a><\/td>\n    <\/tr>\n    <tr>\n        <td><strong>19<\/strong><\/td>\n<td>CNC Bands\u00e4ge<\/td>\n<td>KASTOwin A3.6- IN DER ANKUNFT<\/td>\n<td><a href=\"https:\/\/www.kasto.com\/en\/saws\/bandsaws\/detail\/kastowin-a-36\" target=\"_blank\">Link<\/a><\/td>\n    <\/tr>\n<\/table>\n<\/div><\/div><\/div><\/div><\/div><\/section>\n","protected":false},"excerpt":{"rendered":"","protected":false},"author":1,"featured_media":553,"parent":0,"menu_order":0,"comment_status":"closed","ping_status":"closed","template":"","meta":{"footnotes":""},"class_list":["post-629","page","type-page","status-publish","has-post-thumbnail","hentry"],"yoast_head":"<!-- This site is optimized with the Yoast SEO plugin v25.3 - https:\/\/yoast.com\/wordpress\/plugins\/seo\/ -->\n<title>Maschinenkapazit\u00e4ten - CNC Obrada<\/title>\n<meta name=\"robots\" content=\"index, follow, max-snippet:-1, max-image-preview:large, max-video-preview:-1\" \/>\n<link rel=\"canonical\" href=\"https:\/\/www.cnc-obrada.hr\/de\/maschinenkapazitaeten\/\" \/>\n<meta property=\"og:locale\" content=\"de_DE\" \/>\n<meta property=\"og:type\" content=\"article\" \/>\n<meta property=\"og:title\" content=\"Maschinenkapazit\u00e4ten - CNC Obrada\" \/>\n<meta property=\"og:url\" content=\"https:\/\/www.cnc-obrada.hr\/de\/maschinenkapazitaeten\/\" \/>\n<meta property=\"og:site_name\" content=\"CNC Obrada\" \/>\n<meta property=\"article:modified_time\" content=\"2025-05-19T15:37:20+00:00\" \/>\n<meta property=\"og:image\" content=\"https:\/\/www.cnc-obrada.hr\/wp-content\/uploads\/2025\/04\/process-smoothing-interior-cylinder-scaled.jpg\" \/>\n\t<meta property=\"og:image:width\" content=\"2560\" \/>\n\t<meta property=\"og:image:height\" content=\"1434\" \/>\n\t<meta property=\"og:image:type\" content=\"image\/jpeg\" \/>\n<meta name=\"twitter:card\" content=\"summary_large_image\" \/>\n<meta name=\"twitter:label1\" content=\"Gesch\u00e4tzte Lesezeit\" \/>\n\t<meta name=\"twitter:data1\" content=\"5\u00a0Minuten\" \/>\n<script type=\"application\/ld+json\" class=\"yoast-schema-graph\">{\"@context\":\"https:\/\/schema.org\",\"@graph\":[{\"@type\":\"WebPage\",\"@id\":\"https:\/\/www.cnc-obrada.hr\/de\/maschinenkapazitaeten\/\",\"url\":\"https:\/\/www.cnc-obrada.hr\/de\/maschinenkapazitaeten\/\",\"name\":\"Maschinenkapazit\u00e4ten - CNC Obrada\",\"isPartOf\":{\"@id\":\"https:\/\/www.cnc-obrada.hr\/de\/#website\"},\"primaryImageOfPage\":{\"@id\":\"https:\/\/www.cnc-obrada.hr\/de\/maschinenkapazitaeten\/#primaryimage\"},\"image\":{\"@id\":\"https:\/\/www.cnc-obrada.hr\/de\/maschinenkapazitaeten\/#primaryimage\"},\"thumbnailUrl\":\"https:\/\/www.cnc-obrada.hr\/wp-content\/uploads\/2025\/04\/process-smoothing-interior-cylinder-scaled.jpg\",\"datePublished\":\"2025-03-25T18:17:17+00:00\",\"dateModified\":\"2025-05-19T15:37:20+00:00\",\"breadcrumb\":{\"@id\":\"https:\/\/www.cnc-obrada.hr\/de\/maschinenkapazitaeten\/#breadcrumb\"},\"inLanguage\":\"de\",\"potentialAction\":[{\"@type\":\"ReadAction\",\"target\":[\"https:\/\/www.cnc-obrada.hr\/de\/maschinenkapazitaeten\/\"]}]},{\"@type\":\"ImageObject\",\"inLanguage\":\"de\",\"@id\":\"https:\/\/www.cnc-obrada.hr\/de\/maschinenkapazitaeten\/#primaryimage\",\"url\":\"https:\/\/www.cnc-obrada.hr\/wp-content\/uploads\/2025\/04\/process-smoothing-interior-cylinder-scaled.jpg\",\"contentUrl\":\"https:\/\/www.cnc-obrada.hr\/wp-content\/uploads\/2025\/04\/process-smoothing-interior-cylinder-scaled.jpg\",\"width\":2560,\"height\":1434,\"caption\":\"The process of smoothing the interior of a cylinder.\"},{\"@type\":\"BreadcrumbList\",\"@id\":\"https:\/\/www.cnc-obrada.hr\/de\/maschinenkapazitaeten\/#breadcrumb\",\"itemListElement\":[{\"@type\":\"ListItem\",\"position\":1,\"name\":\"Po\u010detna stranica\",\"item\":\"https:\/\/www.cnc-obrada.hr\/de\/\"},{\"@type\":\"ListItem\",\"position\":2,\"name\":\"Maschinenkapazit\u00e4ten\"}]},{\"@type\":\"WebSite\",\"@id\":\"https:\/\/www.cnc-obrada.hr\/de\/#website\",\"url\":\"https:\/\/www.cnc-obrada.hr\/de\/\",\"name\":\"CNC Obrada\",\"description\":\"\",\"potentialAction\":[{\"@type\":\"SearchAction\",\"target\":{\"@type\":\"EntryPoint\",\"urlTemplate\":\"https:\/\/www.cnc-obrada.hr\/de\/?s={search_term_string}\"},\"query-input\":{\"@type\":\"PropertyValueSpecification\",\"valueRequired\":true,\"valueName\":\"search_term_string\"}}],\"inLanguage\":\"de\"}]}<\/script>\n<!-- \/ Yoast SEO plugin. -->","yoast_head_json":{"title":"Maschinenkapazit\u00e4ten - CNC Obrada","robots":{"index":"index","follow":"follow","max-snippet":"max-snippet:-1","max-image-preview":"max-image-preview:large","max-video-preview":"max-video-preview:-1"},"canonical":"https:\/\/www.cnc-obrada.hr\/de\/maschinenkapazitaeten\/","og_locale":"de_DE","og_type":"article","og_title":"Maschinenkapazit\u00e4ten - CNC Obrada","og_url":"https:\/\/www.cnc-obrada.hr\/de\/maschinenkapazitaeten\/","og_site_name":"CNC Obrada","article_modified_time":"2025-05-19T15:37:20+00:00","og_image":[{"width":2560,"height":1434,"url":"https:\/\/www.cnc-obrada.hr\/wp-content\/uploads\/2025\/04\/process-smoothing-interior-cylinder-scaled.jpg","type":"image\/jpeg"}],"twitter_card":"summary_large_image","twitter_misc":{"Gesch\u00e4tzte Lesezeit":"5\u00a0Minuten"},"schema":{"@context":"https:\/\/schema.org","@graph":[{"@type":"WebPage","@id":"https:\/\/www.cnc-obrada.hr\/de\/maschinenkapazitaeten\/","url":"https:\/\/www.cnc-obrada.hr\/de\/maschinenkapazitaeten\/","name":"Maschinenkapazit\u00e4ten - CNC Obrada","isPartOf":{"@id":"https:\/\/www.cnc-obrada.hr\/de\/#website"},"primaryImageOfPage":{"@id":"https:\/\/www.cnc-obrada.hr\/de\/maschinenkapazitaeten\/#primaryimage"},"image":{"@id":"https:\/\/www.cnc-obrada.hr\/de\/maschinenkapazitaeten\/#primaryimage"},"thumbnailUrl":"https:\/\/www.cnc-obrada.hr\/wp-content\/uploads\/2025\/04\/process-smoothing-interior-cylinder-scaled.jpg","datePublished":"2025-03-25T18:17:17+00:00","dateModified":"2025-05-19T15:37:20+00:00","breadcrumb":{"@id":"https:\/\/www.cnc-obrada.hr\/de\/maschinenkapazitaeten\/#breadcrumb"},"inLanguage":"de","potentialAction":[{"@type":"ReadAction","target":["https:\/\/www.cnc-obrada.hr\/de\/maschinenkapazitaeten\/"]}]},{"@type":"ImageObject","inLanguage":"de","@id":"https:\/\/www.cnc-obrada.hr\/de\/maschinenkapazitaeten\/#primaryimage","url":"https:\/\/www.cnc-obrada.hr\/wp-content\/uploads\/2025\/04\/process-smoothing-interior-cylinder-scaled.jpg","contentUrl":"https:\/\/www.cnc-obrada.hr\/wp-content\/uploads\/2025\/04\/process-smoothing-interior-cylinder-scaled.jpg","width":2560,"height":1434,"caption":"The process of smoothing the interior of a cylinder."},{"@type":"BreadcrumbList","@id":"https:\/\/www.cnc-obrada.hr\/de\/maschinenkapazitaeten\/#breadcrumb","itemListElement":[{"@type":"ListItem","position":1,"name":"Po\u010detna stranica","item":"https:\/\/www.cnc-obrada.hr\/de\/"},{"@type":"ListItem","position":2,"name":"Maschinenkapazit\u00e4ten"}]},{"@type":"WebSite","@id":"https:\/\/www.cnc-obrada.hr\/de\/#website","url":"https:\/\/www.cnc-obrada.hr\/de\/","name":"CNC Obrada","description":"","potentialAction":[{"@type":"SearchAction","target":{"@type":"EntryPoint","urlTemplate":"https:\/\/www.cnc-obrada.hr\/de\/?s={search_term_string}"},"query-input":{"@type":"PropertyValueSpecification","valueRequired":true,"valueName":"search_term_string"}}],"inLanguage":"de"}]}},"_links":{"self":[{"href":"https:\/\/www.cnc-obrada.hr\/de\/wp-json\/wp\/v2\/pages\/629","targetHints":{"allow":["GET"]}}],"collection":[{"href":"https:\/\/www.cnc-obrada.hr\/de\/wp-json\/wp\/v2\/pages"}],"about":[{"href":"https:\/\/www.cnc-obrada.hr\/de\/wp-json\/wp\/v2\/types\/page"}],"author":[{"embeddable":true,"href":"https:\/\/www.cnc-obrada.hr\/de\/wp-json\/wp\/v2\/users\/1"}],"replies":[{"embeddable":true,"href":"https:\/\/www.cnc-obrada.hr\/de\/wp-json\/wp\/v2\/comments?post=629"}],"version-history":[{"count":5,"href":"https:\/\/www.cnc-obrada.hr\/de\/wp-json\/wp\/v2\/pages\/629\/revisions"}],"predecessor-version":[{"id":675,"href":"https:\/\/www.cnc-obrada.hr\/de\/wp-json\/wp\/v2\/pages\/629\/revisions\/675"}],"wp:featuredmedia":[{"embeddable":true,"href":"https:\/\/www.cnc-obrada.hr\/de\/wp-json\/wp\/v2\/media\/553"}],"wp:attachment":[{"href":"https:\/\/www.cnc-obrada.hr\/de\/wp-json\/wp\/v2\/media?parent=629"}],"curies":[{"name":"wp","href":"https:\/\/api.w.org\/{rel}","templated":true}]}}