{"id":617,"date":"2025-03-25T19:09:38","date_gmt":"2025-03-25T18:09:38","guid":{"rendered":"https:\/\/www.cnc-obrada.hr\/produktion\/"},"modified":"2025-05-20T11:13:42","modified_gmt":"2025-05-20T09:13:42","slug":"produktion","status":"publish","type":"page","link":"https:\/\/www.cnc-obrada.hr\/de\/produktion\/","title":{"rendered":"Produktion"},"content":{"rendered":"<section class=\"l-section wpb_row us_custom_c70c97eb height_small\"><div class=\"l-section-h i-cf\"><div class=\"g-cols vc_row via_grid cols_1 laptops-cols_inherit tablets-cols_inherit mobiles-cols_1 valign_top type_default stacking_default\"><div class=\"wpb_column vc_column_container\"><div class=\"vc_column-inner\"><h1 class=\"w-text us_custom_b81811e2 heading-underline-center has_text_color\"><span class=\"w-text-h\"><span class=\"w-text-value\">Produktion<\/span><\/span><\/h1><\/div><\/div><\/div><\/div><\/section><section class=\"l-section wpb_row us_custom_d2fce23a height_auto\"><div class=\"l-section-h i-cf\"><div class=\"g-cols vc_row via_grid cols_1 laptops-cols_inherit tablets-cols_inherit mobiles-cols_1 valign_top type_default stacking_default\"><div class=\"wpb_column vc_column_container\"><div class=\"vc_column-inner\"><div class=\"w-image us_custom_99a21d2b has_ratio align_none\"><div class=\"w-image-h\"><div style=\"padding-bottom:56.25%\"><\/div><img decoding=\"async\" width=\"1920\" height=\"1280\" src=\"https:\/\/www.cnc-obrada.hr\/wp-content\/uploads\/2025\/03\/steel-2570237_1920.jpg\" class=\"attachment-full size-full\" alt=\"\" loading=\"lazy\" srcset=\"https:\/\/www.cnc-obrada.hr\/wp-content\/uploads\/2025\/03\/steel-2570237_1920.jpg 1920w, https:\/\/www.cnc-obrada.hr\/wp-content\/uploads\/2025\/03\/steel-2570237_1920-300x200.jpg 300w, https:\/\/www.cnc-obrada.hr\/wp-content\/uploads\/2025\/03\/steel-2570237_1920-1024x683.jpg 1024w\" sizes=\"auto, (max-width: 1920px) 100vw, 1920px\" \/><\/div><\/div><\/div><\/div><\/div><\/div><\/section>\n<section class=\"l-section wpb_row us_custom_34342c8f has_text_color height_medium\"><div class=\"l-section-h i-cf\"><div class=\"g-cols vc_row via_grid cols_1 laptops-cols_inherit tablets-cols_inherit mobiles-cols_1 valign_top type_default stacking_default\"><div class=\"wpb_column vc_column_container\"><div class=\"vc_column-inner\"><h2 class=\"w-text us_custom_eb849559\"><span class=\"w-text-h\"><span class=\"w-text-value\">Herstellung von Teilen f\u00fcr:<\/span><\/span><\/h2><\/div><\/div><\/div><\/div><\/section><section class=\"l-section wpb_row us_custom_887a049b height_small\"><div class=\"l-section-h i-cf\"><div class=\"g-cols vc_row via_grid cols_5 laptops-cols_4 tablets-cols_3 mobiles-cols_2 valign_top type_default stacking_default\"><div class=\"wpb_column vc_column_container all-same-height\"><div class=\"vc_column-inner\"><div class=\"w-iconbox us_custom_8f18fc07 iconpos_top style_circle color_primary align_center no_text\"><div class=\"w-iconbox-icon\" style=\"font-size:2rem;\"><i class=\"fas fa-train\"><\/i><\/div><div class=\"w-iconbox-meta\"><h6 class=\"w-iconbox-title\">Waggonindustrie<\/h6><\/div><\/div><\/div><\/div><div class=\"wpb_column vc_column_container all-same-height\"><div class=\"vc_column-inner\"><div class=\"w-iconbox us_custom_81a54adf iconpos_top style_circle color_primary align_center no_text\"><div class=\"w-iconbox-icon\" style=\"font-size:2rem;\"><i class=\"fas fa-water\"><\/i><\/div><div class=\"w-iconbox-meta\"><h6 class=\"w-iconbox-title\">Hidraulika<\/h6><\/div><\/div><\/div><\/div><div class=\"wpb_column vc_column_container all-same-height\"><div class=\"vc_column-inner\"><div class=\"w-iconbox us_custom_81a54adf iconpos_top style_circle color_primary align_center no_text\"><div class=\"w-iconbox-icon\" style=\"font-size:2rem;\"><i class=\"fas fa-truck-loading\"><\/i><\/div><div class=\"w-iconbox-meta\"><h6 class=\"w-iconbox-title\">Transportmaschinen<\/h6><\/div><\/div><\/div><\/div><div class=\"wpb_column vc_column_container all-same-height\"><div class=\"vc_column-inner\"><div class=\"w-iconbox us_custom_81a54adf iconpos_top style_circle color_primary align_center no_text\"><div class=\"w-iconbox-icon\" style=\"font-size:2rem;\"><i class=\"fas fa-hard-hat\"><\/i><\/div><div class=\"w-iconbox-meta\"><h6 class=\"w-iconbox-title\">Tunnelbohrmaschinen<\/h6><\/div><\/div><\/div><\/div><div class=\"wpb_column vc_column_container all-same-height\"><div class=\"vc_column-inner\"><div class=\"w-iconbox us_custom_81a54adf iconpos_top style_circle color_primary align_center no_text\"><div class=\"w-iconbox-icon\" style=\"font-size:2rem;\"><i class=\"fas fa-bolt\"><\/i><\/div><div class=\"w-iconbox-meta\"><h6 class=\"w-iconbox-title\">Energetik<\/h6><\/div><\/div><\/div><\/div><div class=\"wpb_column vc_column_container all-same-height\"><div class=\"vc_column-inner\"><div class=\"w-iconbox us_custom_81a54adf iconpos_top style_circle color_primary align_center no_text\"><div class=\"w-iconbox-icon\" style=\"font-size:2rem;\"><i class=\"fas fa-stethoscope\"><\/i><\/div><div class=\"w-iconbox-meta\"><h6 class=\"w-iconbox-title\">Medizinische Ger\u00e4te<\/h6><\/div><\/div><\/div><\/div><div class=\"wpb_column vc_column_container all-same-height\"><div class=\"vc_column-inner\"><div class=\"w-iconbox us_custom_81a54adf iconpos_top style_circle color_primary align_center no_text\"><div class=\"w-iconbox-icon\" style=\"font-size:2rem;\"><i class=\"fas fa-anchor\"><\/i><\/div><div class=\"w-iconbox-meta\"><h6 class=\"w-iconbox-title\">Teile f\u00fcr H\u00e4ngebr\u00fccken<\/h6><\/div><\/div><\/div><\/div><div class=\"wpb_column vc_column_container all-same-height\"><div class=\"vc_column-inner\"><div class=\"w-iconbox us_custom_81a54adf iconpos_top style_circle color_primary align_center no_text\"><div class=\"w-iconbox-icon\" style=\"font-size:2rem;\"><i class=\"fas fa-lightbulb\"><\/i><\/div><div class=\"w-iconbox-meta\"><h6 class=\"w-iconbox-title\">Leuchten<\/h6><\/div><\/div><\/div><\/div><div class=\"wpb_column vc_column_container all-same-height\"><div class=\"vc_column-inner\"><div class=\"w-iconbox us_custom_81a54adf iconpos_top style_circle color_primary align_center no_text\"><div class=\"w-iconbox-icon\" style=\"font-size:2rem;\"><i class=\"fas fa-industry\"><\/i><\/div><div class=\"w-iconbox-meta\"><h6 class=\"w-iconbox-title\">Teile f\u00fcr Krane<\/h6><\/div><\/div><\/div><\/div><div class=\"wpb_column vc_column_container all-same-height\"><div class=\"vc_column-inner\"><div class=\"w-iconbox us_custom_81a54adf iconpos_top style_circle color_primary align_center no_text\"><div class=\"w-iconbox-icon\" style=\"font-size:2rem;\"><i class=\"fas fa-ship\"><\/i><\/div><div class=\"w-iconbox-meta\"><h6 class=\"w-iconbox-title\">Teile f\u00fcr Pontons<\/h6><\/div><\/div><\/div><\/div><\/div><\/div><\/section>\n","protected":false},"excerpt":{"rendered":"","protected":false},"author":1,"featured_media":419,"parent":0,"menu_order":0,"comment_status":"closed","ping_status":"closed","template":"","meta":{"footnotes":""},"class_list":["post-617","page","type-page","status-publish","has-post-thumbnail","hentry"],"yoast_head":"<!-- This site is optimized with the Yoast SEO plugin v25.3 - https:\/\/yoast.com\/wordpress\/plugins\/seo\/ -->\n<title>Produktion - CNC Obrada<\/title>\n<meta name=\"robots\" content=\"index, follow, max-snippet:-1, max-image-preview:large, max-video-preview:-1\" \/>\n<link rel=\"canonical\" href=\"https:\/\/www.cnc-obrada.hr\/de\/produktion\/\" \/>\n<meta property=\"og:locale\" content=\"de_DE\" \/>\n<meta property=\"og:type\" content=\"article\" \/>\n<meta property=\"og:title\" content=\"Produktion - CNC Obrada\" \/>\n<meta property=\"og:url\" content=\"https:\/\/www.cnc-obrada.hr\/de\/produktion\/\" \/>\n<meta property=\"og:site_name\" content=\"CNC Obrada\" \/>\n<meta property=\"article:modified_time\" content=\"2025-05-20T09:13:42+00:00\" \/>\n<meta property=\"og:image\" content=\"https:\/\/www.cnc-obrada.hr\/wp-content\/uploads\/2025\/03\/steel-2570237_1920.jpg\" \/>\n\t<meta property=\"og:image:width\" content=\"1920\" \/>\n\t<meta property=\"og:image:height\" content=\"1280\" \/>\n\t<meta property=\"og:image:type\" content=\"image\/jpeg\" \/>\n<meta name=\"twitter:card\" content=\"summary_large_image\" \/>\n<meta name=\"twitter:label1\" content=\"Gesch\u00e4tzte Lesezeit\" \/>\n\t<meta name=\"twitter:data1\" content=\"4\u00a0Minuten\" \/>\n<script type=\"application\/ld+json\" class=\"yoast-schema-graph\">{\"@context\":\"https:\/\/schema.org\",\"@graph\":[{\"@type\":\"WebPage\",\"@id\":\"https:\/\/www.cnc-obrada.hr\/de\/produktion\/\",\"url\":\"https:\/\/www.cnc-obrada.hr\/de\/produktion\/\",\"name\":\"Produktion - CNC Obrada\",\"isPartOf\":{\"@id\":\"https:\/\/www.cnc-obrada.hr\/de\/#website\"},\"primaryImageOfPage\":{\"@id\":\"https:\/\/www.cnc-obrada.hr\/de\/produktion\/#primaryimage\"},\"image\":{\"@id\":\"https:\/\/www.cnc-obrada.hr\/de\/produktion\/#primaryimage\"},\"thumbnailUrl\":\"https:\/\/www.cnc-obrada.hr\/wp-content\/uploads\/2025\/03\/steel-2570237_1920.jpg\",\"datePublished\":\"2025-03-25T18:09:38+00:00\",\"dateModified\":\"2025-05-20T09:13:42+00:00\",\"breadcrumb\":{\"@id\":\"https:\/\/www.cnc-obrada.hr\/de\/produktion\/#breadcrumb\"},\"inLanguage\":\"de\",\"potentialAction\":[{\"@type\":\"ReadAction\",\"target\":[\"https:\/\/www.cnc-obrada.hr\/de\/produktion\/\"]}]},{\"@type\":\"ImageObject\",\"inLanguage\":\"de\",\"@id\":\"https:\/\/www.cnc-obrada.hr\/de\/produktion\/#primaryimage\",\"url\":\"https:\/\/www.cnc-obrada.hr\/wp-content\/uploads\/2025\/03\/steel-2570237_1920.jpg\",\"contentUrl\":\"https:\/\/www.cnc-obrada.hr\/wp-content\/uploads\/2025\/03\/steel-2570237_1920.jpg\",\"width\":1920,\"height\":1280},{\"@type\":\"BreadcrumbList\",\"@id\":\"https:\/\/www.cnc-obrada.hr\/de\/produktion\/#breadcrumb\",\"itemListElement\":[{\"@type\":\"ListItem\",\"position\":1,\"name\":\"Po\u010detna stranica\",\"item\":\"https:\/\/www.cnc-obrada.hr\/de\/\"},{\"@type\":\"ListItem\",\"position\":2,\"name\":\"Produktion\"}]},{\"@type\":\"WebSite\",\"@id\":\"https:\/\/www.cnc-obrada.hr\/de\/#website\",\"url\":\"https:\/\/www.cnc-obrada.hr\/de\/\",\"name\":\"CNC Obrada\",\"description\":\"\",\"potentialAction\":[{\"@type\":\"SearchAction\",\"target\":{\"@type\":\"EntryPoint\",\"urlTemplate\":\"https:\/\/www.cnc-obrada.hr\/de\/?s={search_term_string}\"},\"query-input\":{\"@type\":\"PropertyValueSpecification\",\"valueRequired\":true,\"valueName\":\"search_term_string\"}}],\"inLanguage\":\"de\"}]}<\/script>\n<!-- \/ Yoast SEO plugin. -->","yoast_head_json":{"title":"Produktion - CNC Obrada","robots":{"index":"index","follow":"follow","max-snippet":"max-snippet:-1","max-image-preview":"max-image-preview:large","max-video-preview":"max-video-preview:-1"},"canonical":"https:\/\/www.cnc-obrada.hr\/de\/produktion\/","og_locale":"de_DE","og_type":"article","og_title":"Produktion - CNC Obrada","og_url":"https:\/\/www.cnc-obrada.hr\/de\/produktion\/","og_site_name":"CNC Obrada","article_modified_time":"2025-05-20T09:13:42+00:00","og_image":[{"width":1920,"height":1280,"url":"https:\/\/www.cnc-obrada.hr\/wp-content\/uploads\/2025\/03\/steel-2570237_1920.jpg","type":"image\/jpeg"}],"twitter_card":"summary_large_image","twitter_misc":{"Gesch\u00e4tzte Lesezeit":"4\u00a0Minuten"},"schema":{"@context":"https:\/\/schema.org","@graph":[{"@type":"WebPage","@id":"https:\/\/www.cnc-obrada.hr\/de\/produktion\/","url":"https:\/\/www.cnc-obrada.hr\/de\/produktion\/","name":"Produktion - CNC Obrada","isPartOf":{"@id":"https:\/\/www.cnc-obrada.hr\/de\/#website"},"primaryImageOfPage":{"@id":"https:\/\/www.cnc-obrada.hr\/de\/produktion\/#primaryimage"},"image":{"@id":"https:\/\/www.cnc-obrada.hr\/de\/produktion\/#primaryimage"},"thumbnailUrl":"https:\/\/www.cnc-obrada.hr\/wp-content\/uploads\/2025\/03\/steel-2570237_1920.jpg","datePublished":"2025-03-25T18:09:38+00:00","dateModified":"2025-05-20T09:13:42+00:00","breadcrumb":{"@id":"https:\/\/www.cnc-obrada.hr\/de\/produktion\/#breadcrumb"},"inLanguage":"de","potentialAction":[{"@type":"ReadAction","target":["https:\/\/www.cnc-obrada.hr\/de\/produktion\/"]}]},{"@type":"ImageObject","inLanguage":"de","@id":"https:\/\/www.cnc-obrada.hr\/de\/produktion\/#primaryimage","url":"https:\/\/www.cnc-obrada.hr\/wp-content\/uploads\/2025\/03\/steel-2570237_1920.jpg","contentUrl":"https:\/\/www.cnc-obrada.hr\/wp-content\/uploads\/2025\/03\/steel-2570237_1920.jpg","width":1920,"height":1280},{"@type":"BreadcrumbList","@id":"https:\/\/www.cnc-obrada.hr\/de\/produktion\/#breadcrumb","itemListElement":[{"@type":"ListItem","position":1,"name":"Po\u010detna stranica","item":"https:\/\/www.cnc-obrada.hr\/de\/"},{"@type":"ListItem","position":2,"name":"Produktion"}]},{"@type":"WebSite","@id":"https:\/\/www.cnc-obrada.hr\/de\/#website","url":"https:\/\/www.cnc-obrada.hr\/de\/","name":"CNC Obrada","description":"","potentialAction":[{"@type":"SearchAction","target":{"@type":"EntryPoint","urlTemplate":"https:\/\/www.cnc-obrada.hr\/de\/?s={search_term_string}"},"query-input":{"@type":"PropertyValueSpecification","valueRequired":true,"valueName":"search_term_string"}}],"inLanguage":"de"}]}},"_links":{"self":[{"href":"https:\/\/www.cnc-obrada.hr\/de\/wp-json\/wp\/v2\/pages\/617","targetHints":{"allow":["GET"]}}],"collection":[{"href":"https:\/\/www.cnc-obrada.hr\/de\/wp-json\/wp\/v2\/pages"}],"about":[{"href":"https:\/\/www.cnc-obrada.hr\/de\/wp-json\/wp\/v2\/types\/page"}],"author":[{"embeddable":true,"href":"https:\/\/www.cnc-obrada.hr\/de\/wp-json\/wp\/v2\/users\/1"}],"replies":[{"embeddable":true,"href":"https:\/\/www.cnc-obrada.hr\/de\/wp-json\/wp\/v2\/comments?post=617"}],"version-history":[{"count":6,"href":"https:\/\/www.cnc-obrada.hr\/de\/wp-json\/wp\/v2\/pages\/617\/revisions"}],"predecessor-version":[{"id":730,"href":"https:\/\/www.cnc-obrada.hr\/de\/wp-json\/wp\/v2\/pages\/617\/revisions\/730"}],"wp:featuredmedia":[{"embeddable":true,"href":"https:\/\/www.cnc-obrada.hr\/de\/wp-json\/wp\/v2\/media\/419"}],"wp:attachment":[{"href":"https:\/\/www.cnc-obrada.hr\/de\/wp-json\/wp\/v2\/media?parent=617"}],"curies":[{"name":"wp","href":"https:\/\/api.w.org\/{rel}","templated":true}]}}