{"id":593,"date":"2025-02-26T11:07:34","date_gmt":"2025-02-26T10:07:34","guid":{"rendered":"https:\/\/www.cnc-obrada.hr\/heim\/"},"modified":"2025-05-20T11:10:45","modified_gmt":"2025-05-20T09:10:45","slug":"heim","status":"publish","type":"page","link":"https:\/\/www.cnc-obrada.hr\/de\/","title":{"rendered":"Home"},"content":{"rendered":"<section class=\"l-section wpb_row us_custom_f9d0b101 height_auto color_primary with_img parallax_ver parallaxdir_reversed\"><div class=\"l-section-img\" role=\"img\" data-img-width=\"1920\" data-img-height=\"1440\" style=\"background-image: url(https:\/\/www.cnc-obrada.hr\/wp-content\/uploads\/2025\/04\/milling-1151344_1920.jpg);\"><\/div><div class=\"l-section-overlay\" style=\"background:linear-gradient(90deg,#423f4a,rgba(54,54,54,0))\"><\/div><div class=\"l-section-h i-cf\"><div class=\"g-cols vc_row via_grid cols_1 laptops-cols_inherit tablets-cols_inherit mobiles-cols_1 valign_middle type_default stacking_default\" style=\"--gap:0rem;\"><div class=\"wpb_column vc_column_container\"><div class=\"vc_column-inner\"><div class=\"w-separator size_medium\"><\/div><div class=\"w-text us_custom_444d1fbc us_animate_this\"><span class=\"w-text-h\"><span class=\"w-text-value\">Von der Idee zum fertigen Teil  <\/span><\/span><\/div><div class=\"w-separator size_small\"><\/div><h1 class=\"w-text us_custom_1b81b5bd us_animate_this\"><span class=\"w-text-h\"><span class=\"w-text-value\">IHR PARTNER F\u00dcR CNC-BEARBEITUNG<\/span><\/span><\/h1><div class=\"w-separator size_small\"><\/div><div class=\"w-btn-wrapper align_none\"><a class=\"w-btn us-btn-style_2\" href=\"https:\/\/cncobrada.progreen.hr\/de\/produktion\/\"><span class=\"w-btn-label\">Produktion<\/span><\/a><\/div><div class=\"w-btn-wrapper align_none\"><a class=\"w-btn us-btn-style_1\" href=\"https:\/\/cncobrada.progreen.hr\/de\/kontakt\/\"><span class=\"w-btn-label\">Kontaktieren Sie uns<\/span><\/a><\/div><div class=\"w-separator size_medium\"><\/div><div class=\"w-separator size_small\"><\/div><\/div><\/div><\/div><\/div><\/section><section class=\"l-section wpb_row height_medium\" id=\"services\"><div class=\"l-section-h i-cf\"><div class=\"g-cols vc_row via_grid cols_2-3 laptops-cols_inherit tablets-cols_1 mobiles-cols_1 valign_top type_default stacking_default\" style=\"--gap:4rem;--laptops-gap:4rem;--tablets-gap:4rem;--mobiles-gap:2rem;\"><div class=\"wpb_column vc_column_container\"><div class=\"vc_column-inner\"><h2 class=\"w-text us_custom_62e07d29 has_text_color\"><span class=\"w-text-h\"><span class=\"w-text-value\">Unsere Technologie ist Ihr Vorteil<\/span><\/span><\/h2><div class=\"w-separator hide_on_mobiles size_medium\"><\/div><div class=\"w-image us_custom_867370c5 us_animate_this has_ratio align_center\"><div class=\"w-image-h\"><div style=\"padding-bottom:100%\"><\/div><img decoding=\"async\" width=\"1024\" height=\"682\" src=\"https:\/\/www.cnc-obrada.hr\/wp-content\/uploads\/2025\/05\/obrada.jpeg\" class=\"attachment-full size-full\" alt=\"\" loading=\"lazy\" srcset=\"https:\/\/www.cnc-obrada.hr\/wp-content\/uploads\/2025\/05\/obrada.jpeg 1024w, https:\/\/www.cnc-obrada.hr\/wp-content\/uploads\/2025\/05\/obrada-300x200.jpeg 300w\" sizes=\"auto, (max-width: 1024px) 100vw, 1024px\" \/><\/div><\/div><\/div><\/div><div class=\"wpb_column vc_column_container\"><div class=\"vc_column-inner\"><div class=\"w-separator size_small\"><\/div><div class=\"w-iconbox us_custom_60e9caca us_animate_this iconpos_left style_default color_custom align_left\"><div class=\"w-iconbox-icon\" style=\"font-size:3rem;--icon-color:var(--color-content-heading);\"><i class=\"far fa-user-check\"><\/i><\/div><div class=\"w-iconbox-meta\"><h3 class=\"w-iconbox-title\" style=\"font-size:calc(1vmax + 10px);\">Individueller Ansatz<\/h3><div class=\"w-iconbox-text\"><p>Wir beginnen jedes Projekt mit einem klaren Verst\u00e4ndnis Ihrer Anforderungen.<\/p>\n<\/div><\/div><\/div><div class=\"w-separator us_custom_a518f36e us_animate_this size_medium with_line width_default thick_1 style_solid color_border align_center\"><div class=\"w-separator-h\"><\/div><\/div><div class=\"w-iconbox us_custom_b6355cd2 us_animate_this iconpos_left style_default color_custom align_left\"><div class=\"w-iconbox-icon\" style=\"font-size:3rem;--icon-color:var(--color-content-heading);\"><i class=\"far fa-users-cog\"><\/i><\/div><div class=\"w-iconbox-meta\"><h3 class=\"w-iconbox-title\" style=\"font-size:calc(1vmax + 10px);\">Erfahrenes Expertenteam<\/h3><div class=\"w-iconbox-text\"><p>Mehr als 25 Jahre Erfahrung in der Pr\u00e4zisionsbearbeitung von Metallen und anderen Materialien<\/p>\n<\/div><\/div><\/div><div class=\"w-separator us_custom_827417b1 us_animate_this size_medium with_line width_default thick_1 style_solid color_border align_center\"><div class=\"w-separator-h\"><\/div><\/div><div class=\"w-iconbox us_custom_ca547909 us_animate_this iconpos_left style_default color_custom align_left\"><div class=\"w-iconbox-icon\" style=\"font-size:3rem;--icon-color:var(--color-content-heading);\"><i class=\"far fa-bolt\"><\/i><\/div><div class=\"w-iconbox-meta\"><h3 class=\"w-iconbox-title\" style=\"font-size:calc(1vmax + 10px);\">Schnelle Produktion<\/h3><div class=\"w-iconbox-text\"><p>Kurze Lieferzeiten f\u00fcr Eil- und Regelbestellungen  <\/p>\n<\/div><\/div><\/div><div class=\"w-separator us_custom_fe15326a us_animate_this size_medium with_line width_default thick_1 style_solid color_border align_center\"><div class=\"w-separator-h\"><\/div><\/div><div class=\"w-iconbox us_custom_575b987f us_animate_this iconpos_left style_default color_custom align_left\"><div class=\"w-iconbox-icon\" style=\"font-size:3rem;--icon-color:var(--color-content-heading);\"><i class=\"far fa-cogs\"><\/i><\/div><div class=\"w-iconbox-meta\"><h3 class=\"w-iconbox-title\" style=\"font-size:calc(1vmax + 10px);\">Flexible Produktion<\/h3><div class=\"w-iconbox-text\"><p>Anpassung an jedes Projekt und jede Menge<\/p>\n<\/div><\/div><\/div><div class=\"w-separator us_custom_fe15326a us_animate_this size_small with_line width_default thick_1 style_solid color_border align_center\"><div class=\"w-separator-h\"><\/div><\/div><div class=\"w-btn-wrapper default_align_none laptops_align_left tablets_align_center mobiles_align_center\"><a class=\"w-btn us-btn-style_1 us_custom_6babf734\" href=\"https:\/\/cncobrada.progreen.hr\/de\/maschinenkapazitaeten\/\"><span class=\"w-btn-label\">Maschinenkapazit\u00e4t anzeigen<\/span><\/a><\/div><\/div><\/div><\/div><\/div><\/section><section class=\"l-section wpb_row us_custom_e11ab399 height_medium\"><div class=\"l-section-overlay\" style=\"background:var(--color-content-bg-alt)\"><\/div><div class=\"l-section-h i-cf\"><div class=\"g-cols vc_row via_grid cols_1 laptops-cols_inherit tablets-cols_inherit mobiles-cols_1 valign_top type_default stacking_default\"><div class=\"wpb_column vc_column_container\"><div class=\"vc_column-inner\"><h2 class=\"w-text us_custom_6fee18ff has_text_color\"><span class=\"w-text-h\"><span class=\"w-text-value\">Produktion<\/span><\/span><\/h2><\/div><\/div><\/div><\/div><\/section><section class=\"l-section wpb_row us_custom_b03640aa njemacki-word height_medium\"><div class=\"l-section-overlay\" style=\"background:var(--color-content-bg-alt)\"><\/div><div class=\"l-section-h i-cf\"><div class=\"g-cols vc_row via_grid cols_3-2 laptops-cols_3-2 tablets-cols_1 mobiles-cols_1 valign_middle type_default reversed stacking_default\" style=\"--gap:1rem;\"><div class=\"wpb_column vc_column_container\"><div class=\"vc_column-inner\"><div class=\"g-cols wpb_row via_grid cols_2 laptops-cols_inherit tablets-cols_inherit mobiles-cols_1 valign_top type_default stacking_default\" style=\"--gap:3rem;--laptops-gap:3rem;--tablets-gap:3rem;--mobiles-gap:0rem;\"><div class=\"wpb_column vc_column_container us_custom_60e9caca us_animate_this\"><div class=\"vc_column-inner\"><div class=\"w-text us_custom_4a0882d9 has_text_color\"><span class=\"w-text-h\"><span class=\"w-text-value\">01<\/span><\/span><\/div><h3 class=\"w-text us_custom_ee5e8083\"><span class=\"w-text-h\"><span class=\"w-text-value\">Waggonindustrie<\/span><\/span><\/h3><div class=\"w-text\"><span class=\"w-text-h\"><span class=\"w-text-value\">Wir fertigen Pr\u00e4zisionsmaschinenteile f\u00fcr Schienenfahrzeuge  <\/span><\/span><\/div><\/div><\/div><div class=\"wpb_column vc_column_container us_custom_d77bca1a us_animate_this\"><div class=\"vc_column-inner\"><div class=\"w-text us_custom_4a0882d9 has_text_color\"><span class=\"w-text-h\"><span class=\"w-text-value\">02<\/span><\/span><\/div><h3 class=\"w-text us_custom_ee5e8083\"><span class=\"w-text-h\"><span class=\"w-text-value\">Transportmaschinen<\/span><\/span><\/h3><div class=\"w-text\"><span class=\"w-text-h\"><span class=\"w-text-value\">Wir fertigen Komponenten f\u00fcr verschiedene Arten von industriellen F\u00f6rderb\u00e4ndern und Mechanismen  <\/span><\/span><\/div><\/div><\/div><\/div><div class=\"w-separator hide_on_mobiles size_medium\"><\/div><div class=\"g-cols wpb_row via_grid cols_2 laptops-cols_inherit tablets-cols_inherit mobiles-cols_1 valign_top type_default stacking_default\" style=\"--gap:3rem;--laptops-gap:3rem;--tablets-gap:3rem;--mobiles-gap:0rem;\"><div class=\"wpb_column vc_column_container us_custom_af99d3c9 us_animate_this\"><div class=\"vc_column-inner\"><div class=\"w-text us_custom_4a0882d9 has_text_color\"><span class=\"w-text-h\"><span class=\"w-text-value\">03<\/span><\/span><\/div><h3 class=\"w-text us_custom_ee5e8083\"><span class=\"w-text-h\"><span class=\"w-text-value\">Tunnelbohrmaschinen<\/span><\/span><\/h3><div class=\"w-text\"><span class=\"w-text-h\"><span class=\"w-text-value\">Wir beteiligen uns an der Herstellung von Teilen f\u00fcr Schwermaschinen im Untertagebau<\/span><\/span><\/div><\/div><\/div><div class=\"wpb_column vc_column_container us_custom_498ce10a us_animate_this\"><div class=\"vc_column-inner\"><div class=\"w-text us_custom_4a0882d9 has_text_color\"><span class=\"w-text-h\"><span class=\"w-text-value\">04<\/span><\/span><\/div><h3 class=\"w-text us_custom_ee5e8083\"><span class=\"w-text-h\"><span class=\"w-text-value\">Energetik<\/span><\/span><\/h3><div class=\"w-text\"><span class=\"w-text-h\"><span class=\"w-text-value\">Wir beliefern den Energiesektor mit zuverl\u00e4ssigen und langlebigen CNC-Komponenten<\/span><\/span><\/div><\/div><\/div><\/div><\/div><\/div><div class=\"wpb_column vc_column_container us_custom_0efad547 us_animate_this\"><div class=\"vc_column-inner\"><div class=\"w-image us_custom_65dbb057 us_animate_this align_center\"><div class=\"w-image-h\"><img decoding=\"async\" width=\"803\" height=\"1024\" src=\"https:\/\/www.cnc-obrada.hr\/wp-content\/uploads\/2025\/04\/alerkiv-C2S_2gmmQlw-unsplash-803x1024.jpg\" class=\"attachment-large size-large\" alt=\"\" loading=\"lazy\" srcset=\"https:\/\/www.cnc-obrada.hr\/wp-content\/uploads\/2025\/04\/alerkiv-C2S_2gmmQlw-unsplash-803x1024.jpg 803w, https:\/\/www.cnc-obrada.hr\/wp-content\/uploads\/2025\/04\/alerkiv-C2S_2gmmQlw-unsplash-235x300.jpg 235w, https:\/\/www.cnc-obrada.hr\/wp-content\/uploads\/2025\/04\/alerkiv-C2S_2gmmQlw-unsplash.jpg 1920w\" sizes=\"auto, (max-width: 803px) 100vw, 803px\" \/><\/div><\/div><\/div><\/div><\/div><\/div><\/section><section class=\"l-section wpb_row height_medium color_footer-bottom with_img parallax_ver parallaxdir_reversed\"><div class=\"l-section-img\" role=\"img\" data-img-width=\"2560\" data-img-height=\"1434\" style=\"background-image: url(https:\/\/www.cnc-obrada.hr\/wp-content\/uploads\/2025\/04\/process-smoothing-interior-cylinder-scaled.jpg);background-position: bottom center;background-repeat: no-repeat;background-size: auto;\"><\/div><div class=\"l-section-overlay\" style=\"background:linear-gradient(90deg,#423f4a,rgba(54,54,54,0))\"><\/div><div class=\"l-section-h i-cf\"><div class=\"g-cols vc_row via_grid cols_2 laptops-cols_inherit tablets-cols_inherit mobiles-cols_1 valign_top type_default stacking_default\"><div class=\"wpb_column vc_column_container us_custom_68adcc4b\"><div class=\"vc_column-inner\"><h2 class=\"w-text us_custom_88dd9a2b text-white has_text_color us_animate_this\"><span class=\"w-text-h\"><span class=\"w-text-value\">Pr\u00e4zision, Vertrauen, Erfahrung<\/span><\/span><\/h2><div class=\"w-btn-wrapper align_none\"><a class=\"w-btn us-btn-style_1\" href=\"https:\/\/cncobrada.progreen.hr\/de\/ueber-uns\/\"><span class=\"w-btn-label\">Mehr \u00fcber uns<\/span><\/a><\/div><\/div><\/div><\/div><\/div><\/section><section class=\"l-section wpb_row height_medium\"><div class=\"l-section-h i-cf\"><div class=\"g-cols vc_row via_grid cols_2 laptops-cols_2 tablets-cols_1 mobiles-cols_1 valign_top type_default stacking_default\" style=\"--gap:1.5rem;\"><div class=\"wpb_column vc_column_container\"><div class=\"vc_column-inner\"><h2 class=\"w-text us_custom_7fa5663e has_text_color\"><span class=\"w-text-h\"><span class=\"w-text-value\">Unsere Zahlen sprechen f\u00fcr sich.<\/span><\/span><\/h2><div class=\"g-cols wpb_row via_grid cols_3-2 laptops-cols_inherit tablets-cols_inherit mobiles-cols_1 valign_top type_default stacking_default\" style=\"--gap:1.5rem;\"><div class=\"wpb_column vc_column_container us_custom_9fccb67e\"><div class=\"vc_column-inner\"><div class=\"w-text us_custom_b18d6c89 has_text_color\"><span class=\"w-text-h\"><span class=\"w-text-value\">Die Grundlagen unserer Zuverl\u00e4ssigkeit<\/span><\/span><\/div><div class=\"w-separator size_small\"><\/div><span class=\"w-text us_custom_71d3e3d1\"><span class=\"w-text-h\"><span class=\"w-text-value\">Erfahrung, Technologie und Menschen<\/span><\/span><\/span><div class=\"w-separator size_small\"><\/div><div class=\"wpb_text_column\"><div class=\"wpb_wrapper\"><p>Unsere Zahlen sind kein Zufall \u2013 sie sind das Ergebnis langj\u00e4hriger Arbeit, Investitionen in Ausr\u00fcstung und des Expertenteams hinter jedem fertigen Produkt.<\/p>\n<\/div><\/div><\/div><\/div><div class=\"wpb_column vc_column_container text-center-box\"><div class=\"vc_column-inner\"><div class=\"w-vwrapper us_custom_084a8bb3 has_text_color align_center valign_middle\"><div class=\"w-counter us_custom_d5349a2d color_custom align_center has_font_size\" data-duration=\"2\"><div class=\"w-counter-value\"><span class=\"w-counter-value-part type_text\" data-final=\"\"><\/span><span class=\"w-counter-value-part type_number\" data-final=\"25\">1<\/span><span class=\"w-counter-value-part type_text\" data-final=\" Jahre\"> Jahr<\/span><\/div><div class=\"w-counter-title\">Erfahrung in der Pr\u00e4zisionsbearbeitung<\/div><\/div><\/div><div class=\"w-separator hide_on_laptops hide_on_tablets hide_on_mobiles size_huge\"><\/div><\/div><\/div><\/div><\/div><\/div><div class=\"wpb_column vc_column_container\"><div class=\"vc_column-inner\"><div class=\"w-separator size_medium\"><\/div><div class=\"g-cols wpb_row height-mobile via_grid cols_2-3 laptops-cols_inherit tablets-cols_inherit mobiles-cols_2 valign_top type_default stacking_default\" style=\"--gap:0.9rem;--laptops-gap:1.5rem;--tablets-gap:1.5rem;--mobiles-gap:0.7rem;\"><div class=\"wpb_column vc_column_container\"><div class=\"vc_column-inner\"><div class=\"w-vwrapper us_custom_cf45a07f has_text_color align_center valign_middle\"><div class=\"w-counter us_custom_f04b02f4 color_custom align_center has_font_size\" data-duration=\"2\"><div class=\"w-counter-value\"><span class=\"w-counter-value-part type_text\" data-final=\"\"><\/span><span class=\"w-counter-value-part type_number\" data-final=\"19\">1<\/span><span class=\"w-counter-value-part type_text\" data-final=\"\"><\/span><\/div><div class=\"w-counter-title\">Verschiedene Metallbearbeitungsmaschinen<\/div><\/div><\/div><\/div><\/div><div class=\"wpb_column vc_column_container us_custom_dd2ed232\"><div class=\"vc_column-inner\"><div class=\"w-vwrapper us_custom_52aebb05 has_text_color align_center valign_middle\"><div class=\"w-counter us_custom_ca6a46d7 color_custom align_center has_font_size\" data-duration=\"2\"><div class=\"w-counter-value\"><span class=\"w-counter-value-part type_text\" data-final=\"\"><\/span><span class=\"w-counter-value-part type_number\" data-final=\"21\">1<\/span><span class=\"w-counter-value-part type_text\" data-final=\" Arbeiter\"> Arbeiter<\/span><\/div><div class=\"w-counter-title\">der Qualit\u00e4t und Pr\u00e4zision verpflichtet<\/div><\/div><\/div><\/div><\/div><\/div><\/div><\/div><\/div><\/div><\/section><section class=\"l-section wpb_row height_medium\"><div class=\"l-section-overlay\" style=\"background:var(--color-content-bg-alt)\"><\/div><div class=\"l-section-h i-cf\"><div class=\"g-cols vc_row via_grid cols_2 laptops-cols_inherit tablets-cols_1 mobiles-cols_1 valign_top type_default stacking_default\" style=\"--gap:1.5rem;\"><div class=\"wpb_column vc_column_container us_custom_4a593b65 justify-content-center us_animate_this\"><div class=\"vc_column-inner\"><h2 class=\"w-text us_custom_7fa5663e has_text_color\"><span class=\"w-text-h\"><span class=\"w-text-value\">Umweltschutz<\/span><\/span><\/h2><div class=\"wpb_text_column us_custom_e2aee182\"><div class=\"wpb_wrapper\"><p>CNC-OBRADA doo ist ein umweltbewusstes Unternehmen, das seine Kunden \u00fcber das Problem der Lichtverschmutzung und \u00fcber moderne Technologien zum Stromsparen durch die Auswahl von Beleuchtungsk\u00f6rpern, wie LED-Beleuchtung und Solarmodule auf dem Dach, informiert. Wir kontrollieren unseren Abfall auch durch Recycling. Im Jahr 2013 erhielt CNC-OBRADA doo einen Zuschuss von HAMAG-INVEST zur Kofinanzierung von Beratungsleistungen im Pilotprojekt \u201eF\u00f6rderung der Energieeffizienz\u201c zur Einf\u00fchrung integrierter Umweltschutz- und Energieeffizienzsysteme gem\u00e4\u00df der Norm ISO-14001:2004.   <\/p>\n<\/div><\/div><div class=\"w-separator size_small\"><\/div><\/div><\/div><div class=\"wpb_column vc_column_container us_custom_bfa14c39\"><div class=\"vc_column-inner\"><div class=\"w-image us_custom_dad4fece align_none\"><div class=\"w-image-h\"><img decoding=\"async\" width=\"1024\" height=\"683\" src=\"https:\/\/www.cnc-obrada.hr\/wp-content\/uploads\/2025\/03\/cnc_obrada2.jpg\" class=\"attachment-large size-large\" alt=\"\" loading=\"lazy\" srcset=\"https:\/\/www.cnc-obrada.hr\/wp-content\/uploads\/2025\/03\/cnc_obrada2.jpg 1024w, https:\/\/www.cnc-obrada.hr\/wp-content\/uploads\/2025\/03\/cnc_obrada2-300x200.jpg 300w\" sizes=\"auto, (max-width: 1024px) 100vw, 1024px\" \/><\/div><\/div><\/div><\/div><\/div><\/div><\/section>\n","protected":false},"excerpt":{"rendered":"","protected":false},"author":1,"featured_media":0,"parent":0,"menu_order":0,"comment_status":"closed","ping_status":"closed","template":"","meta":{"footnotes":""},"class_list":["post-593","page","type-page","status-publish","hentry"],"yoast_head":"<!-- This site is optimized with the Yoast SEO plugin v25.3 - https:\/\/yoast.com\/wordpress\/plugins\/seo\/ -->\n<title>Home - CNC Obrada<\/title>\n<meta name=\"robots\" content=\"index, follow, max-snippet:-1, max-image-preview:large, max-video-preview:-1\" \/>\n<link rel=\"canonical\" href=\"https:\/\/www.cnc-obrada.hr\/de\/\" \/>\n<meta property=\"og:locale\" content=\"de_DE\" \/>\n<meta property=\"og:type\" content=\"article\" \/>\n<meta property=\"og:title\" content=\"Home - CNC Obrada\" \/>\n<meta property=\"og:url\" content=\"https:\/\/www.cnc-obrada.hr\/de\/\" \/>\n<meta property=\"og:site_name\" content=\"CNC Obrada\" \/>\n<meta property=\"article:modified_time\" content=\"2025-05-20T09:10:45+00:00\" \/>\n<meta name=\"twitter:card\" content=\"summary_large_image\" \/>\n<meta name=\"twitter:label1\" content=\"Gesch\u00e4tzte Lesezeit\" \/>\n\t<meta name=\"twitter:data1\" content=\"15\u00a0Minuten\" \/>\n<script type=\"application\/ld+json\" class=\"yoast-schema-graph\">{\"@context\":\"https:\/\/schema.org\",\"@graph\":[{\"@type\":\"WebPage\",\"@id\":\"https:\/\/www.cnc-obrada.hr\/de\/\",\"url\":\"https:\/\/www.cnc-obrada.hr\/de\/\",\"name\":\"Home - CNC Obrada\",\"isPartOf\":{\"@id\":\"https:\/\/www.cnc-obrada.hr\/de\/#website\"},\"datePublished\":\"2025-02-26T10:07:34+00:00\",\"dateModified\":\"2025-05-20T09:10:45+00:00\",\"breadcrumb\":{\"@id\":\"https:\/\/www.cnc-obrada.hr\/de\/#breadcrumb\"},\"inLanguage\":\"de\",\"potentialAction\":[{\"@type\":\"ReadAction\",\"target\":[\"https:\/\/www.cnc-obrada.hr\/de\/\"]}]},{\"@type\":\"BreadcrumbList\",\"@id\":\"https:\/\/www.cnc-obrada.hr\/de\/#breadcrumb\",\"itemListElement\":[{\"@type\":\"ListItem\",\"position\":1,\"name\":\"Po\u010detna stranica\",\"item\":\"https:\/\/www.cnc-obrada.hr\/de\/\"},{\"@type\":\"ListItem\",\"position\":2,\"name\":\"Home\"}]},{\"@type\":\"WebSite\",\"@id\":\"https:\/\/www.cnc-obrada.hr\/de\/#website\",\"url\":\"https:\/\/www.cnc-obrada.hr\/de\/\",\"name\":\"CNC Obrada\",\"description\":\"\",\"potentialAction\":[{\"@type\":\"SearchAction\",\"target\":{\"@type\":\"EntryPoint\",\"urlTemplate\":\"https:\/\/www.cnc-obrada.hr\/de\/?s={search_term_string}\"},\"query-input\":{\"@type\":\"PropertyValueSpecification\",\"valueRequired\":true,\"valueName\":\"search_term_string\"}}],\"inLanguage\":\"de\"}]}<\/script>\n<!-- \/ Yoast SEO plugin. -->","yoast_head_json":{"title":"Home - CNC Obrada","robots":{"index":"index","follow":"follow","max-snippet":"max-snippet:-1","max-image-preview":"max-image-preview:large","max-video-preview":"max-video-preview:-1"},"canonical":"https:\/\/www.cnc-obrada.hr\/de\/","og_locale":"de_DE","og_type":"article","og_title":"Home - CNC Obrada","og_url":"https:\/\/www.cnc-obrada.hr\/de\/","og_site_name":"CNC Obrada","article_modified_time":"2025-05-20T09:10:45+00:00","twitter_card":"summary_large_image","twitter_misc":{"Gesch\u00e4tzte Lesezeit":"15\u00a0Minuten"},"schema":{"@context":"https:\/\/schema.org","@graph":[{"@type":"WebPage","@id":"https:\/\/www.cnc-obrada.hr\/de\/","url":"https:\/\/www.cnc-obrada.hr\/de\/","name":"Home - CNC Obrada","isPartOf":{"@id":"https:\/\/www.cnc-obrada.hr\/de\/#website"},"datePublished":"2025-02-26T10:07:34+00:00","dateModified":"2025-05-20T09:10:45+00:00","breadcrumb":{"@id":"https:\/\/www.cnc-obrada.hr\/de\/#breadcrumb"},"inLanguage":"de","potentialAction":[{"@type":"ReadAction","target":["https:\/\/www.cnc-obrada.hr\/de\/"]}]},{"@type":"BreadcrumbList","@id":"https:\/\/www.cnc-obrada.hr\/de\/#breadcrumb","itemListElement":[{"@type":"ListItem","position":1,"name":"Po\u010detna stranica","item":"https:\/\/www.cnc-obrada.hr\/de\/"},{"@type":"ListItem","position":2,"name":"Home"}]},{"@type":"WebSite","@id":"https:\/\/www.cnc-obrada.hr\/de\/#website","url":"https:\/\/www.cnc-obrada.hr\/de\/","name":"CNC Obrada","description":"","potentialAction":[{"@type":"SearchAction","target":{"@type":"EntryPoint","urlTemplate":"https:\/\/www.cnc-obrada.hr\/de\/?s={search_term_string}"},"query-input":{"@type":"PropertyValueSpecification","valueRequired":true,"valueName":"search_term_string"}}],"inLanguage":"de"}]}},"_links":{"self":[{"href":"https:\/\/www.cnc-obrada.hr\/de\/wp-json\/wp\/v2\/pages\/593","targetHints":{"allow":["GET"]}}],"collection":[{"href":"https:\/\/www.cnc-obrada.hr\/de\/wp-json\/wp\/v2\/pages"}],"about":[{"href":"https:\/\/www.cnc-obrada.hr\/de\/wp-json\/wp\/v2\/types\/page"}],"author":[{"embeddable":true,"href":"https:\/\/www.cnc-obrada.hr\/de\/wp-json\/wp\/v2\/users\/1"}],"replies":[{"embeddable":true,"href":"https:\/\/www.cnc-obrada.hr\/de\/wp-json\/wp\/v2\/comments?post=593"}],"version-history":[{"count":25,"href":"https:\/\/www.cnc-obrada.hr\/de\/wp-json\/wp\/v2\/pages\/593\/revisions"}],"predecessor-version":[{"id":720,"href":"https:\/\/www.cnc-obrada.hr\/de\/wp-json\/wp\/v2\/pages\/593\/revisions\/720"}],"wp:attachment":[{"href":"https:\/\/www.cnc-obrada.hr\/de\/wp-json\/wp\/v2\/media?parent=593"}],"curies":[{"name":"wp","href":"https:\/\/api.w.org\/{rel}","templated":true}]}}